{"id":100902,"date":"2022-08-03T15:59:28","date_gmt":"2022-08-03T13:59:28","guid":{"rendered":"https:\/\/www.heachguat.com\/casa\/"},"modified":"2026-02-27T10:10:34","modified_gmt":"2026-02-27T09:10:34","slug":"casa","status":"publish","type":"page","link":"https:\/\/www.heachguat.com\/it\/","title":{"rendered":"Benvenuti"},"content":{"rendered":"\t\t<div data-elementor-type=\"wp-page\" data-elementor-id=\"100902\" class=\"elementor elementor-100902 elementor-7105\" data-elementor-post-type=\"page\">\n\t\t\t\t<div class=\"elementor-element elementor-element-9029f6c e-con-full e-flex e-con e-parent\" data-id=\"9029f6c\" data-element_type=\"container\" data-e-type=\"container\" data-settings=\"{&quot;background_background&quot;:&quot;classic&quot;}\">\n\t\t\t\t<div class=\"elementor-element elementor-element-6700403 elementor-widget__width-inherit elementor--h-position-center elementor--v-position-middle elementor-widget elementor-widget-slides\" data-id=\"6700403\" data-element_type=\"widget\" data-e-type=\"widget\" data-settings=\"{&quot;navigation&quot;:&quot;none&quot;,&quot;autoplay&quot;:&quot;yes&quot;,&quot;pause_on_hover&quot;:&quot;yes&quot;,&quot;pause_on_interaction&quot;:&quot;yes&quot;,&quot;autoplay_speed&quot;:5000,&quot;infinite&quot;:&quot;yes&quot;,&quot;transition&quot;:&quot;slide&quot;,&quot;transition_speed&quot;:500}\" data-widget_type=\"slides.default\">\n\t\t\t\t\t\t\t\t\t\t<div class=\"elementor-slides-wrapper elementor-main-swiper swiper\" role=\"region\" aria-roledescription=\"carousel\" aria-label=\"Slider\" dir=\"ltr\" data-animation=\"fadeInUp\">\n\t\t\t\t<div class=\"swiper-wrapper elementor-slides\">\n\t\t\t\t\t\t\t\t\t\t<div class=\"elementor-repeater-item-dff7f65 swiper-slide\" role=\"group\" aria-roledescription=\"slide\"><div class=\"swiper-slide-bg\"><\/div><div class=\"swiper-slide-inner\" ><div class=\"swiper-slide-contents\"><div class=\"elementor-slide-heading\">NATURALE. REGIONALE. GUAT.<\/div><div class=\"elementor-slide-description\"><p>Naturale da assaporare.<br \/>Regionale da riconoscere.<br \/>Qualit\u00e0 autentica, semplicemente buona.<\/p>\n<\/div><\/div><\/div><\/div><div class=\"elementor-repeater-item-2dd9392 swiper-slide\" role=\"group\" aria-roledescription=\"slide\"><div class=\"swiper-slide-bg\"><\/div><div class=\"swiper-slide-inner\" ><div class=\"swiper-slide-contents\"><div class=\"elementor-slide-heading\">GUAT. UN NOME CHE PARLA DA S\u00c8. <\/div><div class=\"elementor-slide-description\"><p>Un sapore genuino.<br \/>Un atteggiamento forte.<br \/>Speciale per natura.<\/p>\n<\/div><\/div><\/div><\/div><div class=\"elementor-repeater-item-be98a09 swiper-slide\" role=\"group\" aria-roledescription=\"slide\"><div class=\"swiper-slide-bg\"><\/div><div class=\"swiper-slide-inner\" ><div class=\"swiper-slide-contents\"><div class=\"elementor-slide-heading\">GUAT. COME DOVREBBE ESSERE. <\/div><div class=\"elementor-slide-description\"><p>Variet\u00e0 pura.<br \/>Origine altoatesina.<br \/>Demeter. Punto. <\/p>\n<\/div><\/div><\/div><\/div>\t\t\t\t<\/div>\n\t\t\t\t\t\t\t\t\t\t\t\t\t\t\t\t\t\t\t\t\t<\/div>\n\t\t\t\t\t\t\t\t<\/div>\n\t\t\t\t<\/div>\n\t\t\t\t<section class=\"elementor-section elementor-top-section elementor-element elementor-element-e0ee2b2 lazy-background elementor-section-content-middle elementor-section-height-min-height elementor-section-full_width elementor-section-height-default elementor-section-items-middle\" data-id=\"e0ee2b2\" data-element_type=\"section\" data-e-type=\"section\" data-settings=\"{&quot;background_background&quot;:&quot;classic&quot;}\">\n\t\t\t\t\t\t\t<div class=\"elementor-background-overlay\"><\/div>\n\t\t\t\t\t\t\t<div class=\"elementor-container elementor-column-gap-default\">\n\t\t\t\t\t<div class=\"elementor-column elementor-col-100 elementor-top-column elementor-element elementor-element-20bf6896\" data-id=\"20bf6896\" data-element_type=\"column\" data-e-type=\"column\">\n\t\t\t<div class=\"elementor-widget-wrap elementor-element-populated\">\n\t\t\t\t\t\t<section class=\"elementor-section elementor-inner-section elementor-element elementor-element-3c701200 custom-elementor-grid elementor-section-boxed elementor-section-height-default elementor-section-height-default\" data-id=\"3c701200\" data-element_type=\"section\" data-e-type=\"section\" data-settings=\"{&quot;background_background&quot;:&quot;classic&quot;}\">\n\t\t\t\t\t\t<div class=\"elementor-container elementor-column-gap-default\">\n\t\t\t\t\t<div class=\"elementor-column elementor-col-50 elementor-inner-column elementor-element elementor-element-6d0d1fdd\" data-id=\"6d0d1fdd\" data-element_type=\"column\" data-e-type=\"column\">\n\t\t\t<div class=\"elementor-widget-wrap elementor-element-populated\">\n\t\t\t\t\t\t<div class=\"elementor-element elementor-element-6bf9a88a elementor-widget elementor-widget-heading\" data-id=\"6bf9a88a\" data-element_type=\"widget\" data-e-type=\"widget\" data-widget_type=\"heading.default\">\n\t\t\t\t\t<span class=\"elementor-heading-title elementor-size-default\">REAL ROOTS, PURE TASTE<br><br>Se ami il gusto vero, lo troverai qui.<br>I nostri succhi di mela e le nostre mele sono una delizia per tutti coloro che apprezzano la profondit\u00e0, la maturit\u00e0 e il sapore genuino.<br> Senza fronzoli. Espressivo.   <br><br>  E con quel qualcosa che rimane.<\/span>\t\t\t\t<\/div>\n\t\t\t\t\t<\/div>\n\t\t<\/div>\n\t\t\t\t<div class=\"elementor-column elementor-col-50 elementor-inner-column elementor-element elementor-element-4a125de2\" data-id=\"4a125de2\" data-element_type=\"column\" data-e-type=\"column\">\n\t\t\t<div class=\"elementor-widget-wrap elementor-element-populated\">\n\t\t\t\t\t\t<div class=\"elementor-element elementor-element-16df861c skip-lazy elementor-widget elementor-widget-image\" data-id=\"16df861c\" data-element_type=\"widget\" data-e-type=\"widget\" data-widget_type=\"image.default\">\n\t\t\t\t\t\t\t\t\t\t\t\t\t\t\t<img fetchpriority=\"high\" decoding=\"async\" width=\"1024\" height=\"768\" src=\"https:\/\/www.heachguat.com\/wp-content\/uploads\/2025\/08\/Bluete-1024x768.jpg\" class=\"attachment-large size-large wp-image-100903\" alt=\"\" srcset=\"https:\/\/www.heachguat.com\/wp-content\/uploads\/2025\/08\/Bluete-1024x768.jpg 1024w, https:\/\/www.heachguat.com\/wp-content\/uploads\/2025\/08\/Bluete-150x113.jpg 150w, https:\/\/www.heachguat.com\/wp-content\/uploads\/2025\/08\/Bluete-600x450.jpg 600w, https:\/\/www.heachguat.com\/wp-content\/uploads\/2025\/08\/Bluete-300x225.jpg 300w, https:\/\/www.heachguat.com\/wp-content\/uploads\/2025\/08\/Bluete-768x576.jpg 768w, https:\/\/www.heachguat.com\/wp-content\/uploads\/2025\/08\/Bluete-1536x1152.jpg 1536w, https:\/\/www.heachguat.com\/wp-content\/uploads\/2025\/08\/Bluete-2048x1536.jpg 2048w, https:\/\/www.heachguat.com\/wp-content\/uploads\/2025\/08\/Bluete-510x382.jpg 510w, https:\/\/www.heachguat.com\/wp-content\/uploads\/2025\/08\/Bluete-1080x810.jpg 1080w, https:\/\/www.heachguat.com\/wp-content\/uploads\/2025\/08\/Bluete-1280x960.jpg 1280w, https:\/\/www.heachguat.com\/wp-content\/uploads\/2025\/08\/Bluete-980x735.jpg 980w, https:\/\/www.heachguat.com\/wp-content\/uploads\/2025\/08\/Bluete-480x360.jpg 480w\" sizes=\"(max-width: 1024px) 100vw, 1024px\" \/>\t\t\t\t\t\t\t\t\t\t\t\t\t\t\t<\/div>\n\t\t\t\t\t<\/div>\n\t\t<\/div>\n\t\t\t\t\t<\/div>\n\t\t<\/section>\n\t\t\t\t\t<\/div>\n\t\t<\/div>\n\t\t\t\t\t<\/div>\n\t\t<\/section>\n\t\t\t\t<section class=\"elementor-section elementor-top-section elementor-element elementor-element-75399a0b elementor-section-stretched elementor-section-boxed elementor-section-height-default elementor-section-height-default\" data-id=\"75399a0b\" data-element_type=\"section\" data-e-type=\"section\" data-settings=\"{&quot;stretch_section&quot;:&quot;section-stretched&quot;,&quot;background_background&quot;:&quot;classic&quot;}\">\n\t\t\t\t\t\t<div class=\"elementor-container elementor-column-gap-default\">\n\t\t\t\t\t<div class=\"elementor-column elementor-col-16 elementor-top-column elementor-element elementor-element-61d13c32 elementor-hidden-mobile\" data-id=\"61d13c32\" data-element_type=\"column\" data-e-type=\"column\">\n\t\t\t<div class=\"elementor-widget-wrap elementor-element-populated\">\n\t\t\t\t\t\t<div class=\"elementor-element elementor-element-1136612b elementor-widget elementor-widget-spacer\" data-id=\"1136612b\" data-element_type=\"widget\" data-e-type=\"widget\" data-widget_type=\"spacer.default\">\n\t\t\t\t\t\t\t<div class=\"elementor-spacer\">\n\t\t\t<div class=\"elementor-spacer-inner\"><\/div>\n\t\t<\/div>\n\t\t\t\t\t\t<\/div>\n\t\t\t\t\t<\/div>\n\t\t<\/div>\n\t\t\t\t<div class=\"elementor-column elementor-col-66 elementor-top-column elementor-element elementor-element-5604d5a6\" data-id=\"5604d5a6\" data-element_type=\"column\" data-e-type=\"column\">\n\t\t\t<div class=\"elementor-widget-wrap elementor-element-populated\">\n\t\t\t\t\t\t<div class=\"elementor-element elementor-element-71cd800e elementor-widget elementor-widget-heading\" data-id=\"71cd800e\" data-element_type=\"widget\" data-e-type=\"widget\" data-widget_type=\"heading.default\">\n\t\t\t\t\t<h2 class=\"elementor-heading-title elementor-size-default\">SCOPRI LA FAMIGLIA GUAT<\/h2>\t\t\t\t<\/div>\n\t\t\t\t<div class=\"elementor-element elementor-element-38b1d1a2 elementor-widget elementor-widget-text-editor\" data-id=\"38b1d1a2\" data-element_type=\"widget\" data-e-type=\"widget\" data-widget_type=\"text-editor.default\">\n\t\t\t\t\t\t\t\t\t<p style=\"text-align: center;\">&#8220;GUAT&#8221; ti offre l&#8217;intera variet\u00e0 di mele: pura, naturalmente torbida e piena di carattere.<\/p>\n<p><\/p>\n<p style=\"text-align: center;\">Dal dolce e fruttato al forte e piccante: trova il tuo preferito.<\/p>\n\t\t\t\t\t\t\t\t<\/div>\n\t\t\t\t<div class=\"elementor-element elementor-element-e90d9d7 elementor-grid-2 elementor-product-loop-item--align-center elementor-grid-tablet-3 elementor-grid-mobile-2 elementor-products-grid elementor-wc-products elementor-widget elementor-widget-wc-categories\" data-id=\"e90d9d7\" data-element_type=\"widget\" data-e-type=\"widget\" data-widget_type=\"wc-categories.default\">\n\t\t\t\t\t<div class=\"woocommerce columns-2\"><ul class=\"products elementor-grid columns-2\">\n<li class=\"product-category product first\">\n\t<a aria-label=\"Visita categoria del prodotto Succo\" href=\"https:\/\/www.heachguat.com\/it\/prodotto\/succo\/\"><span class=\"cat-image-wrapper\"><img decoding=\"async\" src=\"https:\/\/www.heachguat.com\/wp-content\/uploads\/2025\/08\/Saft-Kategorie-300x300.jpg\" alt=\"Succo\" width=\"300\" height=\"300\" srcset=\"https:\/\/www.heachguat.com\/wp-content\/uploads\/2025\/08\/Saft-Kategorie-300x300.jpg 300w, https:\/\/www.heachguat.com\/wp-content\/uploads\/2025\/08\/Saft-Kategorie-150x150.jpg 150w, https:\/\/www.heachguat.com\/wp-content\/uploads\/2025\/08\/Saft-Kategorie-600x600.jpg 600w, https:\/\/www.heachguat.com\/wp-content\/uploads\/2025\/08\/Saft-Kategorie-768x768.jpg 768w, https:\/\/www.heachguat.com\/wp-content\/uploads\/2025\/08\/Saft-Kategorie-980x980.jpg 980w, https:\/\/www.heachguat.com\/wp-content\/uploads\/2025\/08\/Saft-Kategorie-480x480.jpg 480w, https:\/\/www.heachguat.com\/wp-content\/uploads\/2025\/08\/Saft-Kategorie.jpg 1000w\" sizes=\"(max-width: 300px) 100vw, 300px\" \/><\/span>\t\t<h2 class=\"woocommerce-loop-category__title\">\n\t\t\tSucco <mark class=\"count\">(10)<\/mark>\t\t<\/h2>\n\t\t<\/a><\/li>\n<li class=\"product-category product last\">\n\t<a aria-label=\"Visita categoria del prodotto Mela\" href=\"https:\/\/www.heachguat.com\/it\/prodotto\/mela\/\"><span class=\"cat-image-wrapper\"><img decoding=\"async\" src=\"https:\/\/www.heachguat.com\/wp-content\/uploads\/2025\/08\/Apfel-Kategorie-300x300.jpg\" alt=\"Mela\" width=\"300\" height=\"300\" srcset=\"https:\/\/www.heachguat.com\/wp-content\/uploads\/2025\/08\/Apfel-Kategorie-300x300.jpg 300w, https:\/\/www.heachguat.com\/wp-content\/uploads\/2025\/08\/Apfel-Kategorie-150x150.jpg 150w, https:\/\/www.heachguat.com\/wp-content\/uploads\/2025\/08\/Apfel-Kategorie-600x600.jpg 600w, https:\/\/www.heachguat.com\/wp-content\/uploads\/2025\/08\/Apfel-Kategorie-768x768.jpg 768w, https:\/\/www.heachguat.com\/wp-content\/uploads\/2025\/08\/Apfel-Kategorie-980x980.jpg 980w, https:\/\/www.heachguat.com\/wp-content\/uploads\/2025\/08\/Apfel-Kategorie-480x480.jpg 480w, https:\/\/www.heachguat.com\/wp-content\/uploads\/2025\/08\/Apfel-Kategorie.jpg 1000w\" sizes=\"(max-width: 300px) 100vw, 300px\" \/><\/span>\t\t<h2 class=\"woocommerce-loop-category__title\">\n\t\t\tMela <mark class=\"count\">(9)<\/mark>\t\t<\/h2>\n\t\t<\/a><\/li>\n<\/ul>\n<\/div>\t\t\t\t<\/div>\n\t\t\t\t\t<\/div>\n\t\t<\/div>\n\t\t\t\t<div class=\"elementor-column elementor-col-16 elementor-top-column elementor-element elementor-element-3627dadc elementor-hidden-mobile\" data-id=\"3627dadc\" data-element_type=\"column\" data-e-type=\"column\">\n\t\t\t<div class=\"elementor-widget-wrap elementor-element-populated\">\n\t\t\t\t\t\t<div class=\"elementor-element elementor-element-19809538 elementor-widget elementor-widget-spacer\" data-id=\"19809538\" data-element_type=\"widget\" data-e-type=\"widget\" data-widget_type=\"spacer.default\">\n\t\t\t\t\t\t\t<div class=\"elementor-spacer\">\n\t\t\t<div class=\"elementor-spacer-inner\"><\/div>\n\t\t<\/div>\n\t\t\t\t\t\t<\/div>\n\t\t\t\t\t<\/div>\n\t\t<\/div>\n\t\t\t\t\t<\/div>\n\t\t<\/section>\n\t\t\t\t<section class=\"elementor-section elementor-top-section elementor-element elementor-element-1a818c77 elementor-section-content-middle elementor-reverse-mobile elementor-section-boxed elementor-section-height-default elementor-section-height-default\" data-id=\"1a818c77\" data-element_type=\"section\" data-e-type=\"section\" data-settings=\"{&quot;background_background&quot;:&quot;classic&quot;}\">\n\t\t\t\t\t\t<div class=\"elementor-container elementor-column-gap-extended\">\n\t\t\t\t\t<div class=\"elementor-column elementor-col-100 elementor-top-column elementor-element elementor-element-237d6a46 elementor-invisible\" data-id=\"237d6a46\" data-element_type=\"column\" data-e-type=\"column\" data-settings=\"{&quot;animation&quot;:&quot;fadeIn&quot;}\">\n\t\t\t<div class=\"elementor-widget-wrap elementor-element-populated\">\n\t\t\t\t\t\t<div class=\"elementor-element elementor-element-7183f3b4 elementor-widget elementor-widget-text-editor\" data-id=\"7183f3b4\" data-element_type=\"widget\" data-e-type=\"widget\" data-widget_type=\"text-editor.default\">\n\t\t\t\t\t\t\t\t\t<h2 id=\"guat-steht-fuer-apfelgenuss-ohne-kompromisse\" style=\"text-align: center;\" data-start=\"177\" data-end=\"228\"><strong data-start=\"180\" data-end=\"228\">&#8220;GUAT&#8221; \u00e8 sinonimo di piacere della mela senza compromessi.<\/strong><\/h2>\n<p><\/p>\n<p style=\"text-align: center;\" data-start=\"313\" data-end=\"424\">GUAT non \u00e8 solo un nome.<br data-start=\"341\" data-end=\"344\" \/>\u00c8 sinonimo di origine, qualit\u00e0 e passione &#8211; per un succo di mela che pu\u00f2 fare di pi\u00f9.<\/p>\n<p><\/p>\n<p style=\"text-align: center;\" data-start=\"426\" data-end=\"624\">Le nostre mele crescono nella soleggiata <strong data-start=\"459\" data-end=\"472\">Val Venosta<\/strong> &#8211; in coltivazioni biodinamiche, nel rispetto della natura, del suolo e del tempo.<br data-start=\"538\" data-end=\"541\" \/>Il risultato \u00e8 un <strong data-start=\"557\" data-end=\"578\">puro succo diretto<\/strong> &#8211; naturalmente torbido, intensamente fruttato e non adulterato.<\/p>\n<p><\/p>\n<p style=\"text-align: center;\" data-start=\"626\" data-end=\"761\">Che si tratti di un prodotto a base di mele crude o in bottiglia.<br data-start=\"676\" data-end=\"679\" \/>GUAT \u00e8 sinonimo di piacere onesto &#8211; <strong data-start=\"713\" data-end=\"760\">senza additivi, senza deviazioni, senza compromessi<\/strong>.<\/p>\n<p><\/p>\n<p style=\"text-align: center;\" data-start=\"763\" data-end=\"840\"><strong data-start=\"763\" data-end=\"840\">Il succo di mela come dovrebbe essere.<\/strong><\/p>\n<p><\/p>\n<p style=\"text-align: center;\" data-start=\"763\" data-end=\"840\"><strong data-start=\"763\" data-end=\"840\">Dall&#8217;Alto Adige. Direttamente dall&#8217;albero. Semplicemente (guat) buono. <\/strong><\/p>\n\t\t\t\t\t\t\t\t<\/div>\n\t\t\t\t\t<\/div>\n\t\t<\/div>\n\t\t\t\t\t<\/div>\n\t\t<\/section>\n\t\t\t\t<\/div>\n\t\t","protected":false},"excerpt":{"rendered":"<p>NATURALE. REGIONALE. GUAT. Naturale da assaporare.Regionale da riconoscere.Qualit\u00e0 autentica, semplicemente buona. GUAT. UN NOME CHE PARLA DA S\u00c8. Un sapore genuino.Un atteggiamento forte.Speciale per natura. GUAT. COME DOVREBBE ESSERE. Variet\u00e0 pura.Origine altoatesina.Demeter. Punto. REAL ROOTS, PURE TASTE Se ami il gusto vero, lo troverai qui.I nostri succhi di mela e le nostre mele sono una [&hellip;]<\/p>\n","protected":false},"author":1,"featured_media":0,"parent":0,"menu_order":0,"comment_status":"closed","ping_status":"closed","template":"template-canvas.php","meta":{"_acf_changed":false,"footnotes":""},"class_list":["post-100902","page","type-page","status-publish","hentry"],"acf":[],"_links":{"self":[{"href":"https:\/\/www.heachguat.com\/it\/wp-json\/wp\/v2\/pages\/100902","targetHints":{"allow":["GET"]}}],"collection":[{"href":"https:\/\/www.heachguat.com\/it\/wp-json\/wp\/v2\/pages"}],"about":[{"href":"https:\/\/www.heachguat.com\/it\/wp-json\/wp\/v2\/types\/page"}],"author":[{"embeddable":true,"href":"https:\/\/www.heachguat.com\/it\/wp-json\/wp\/v2\/users\/1"}],"replies":[{"embeddable":true,"href":"https:\/\/www.heachguat.com\/it\/wp-json\/wp\/v2\/comments?post=100902"}],"version-history":[{"count":23,"href":"https:\/\/www.heachguat.com\/it\/wp-json\/wp\/v2\/pages\/100902\/revisions"}],"predecessor-version":[{"id":101214,"href":"https:\/\/www.heachguat.com\/it\/wp-json\/wp\/v2\/pages\/100902\/revisions\/101214"}],"wp:attachment":[{"href":"https:\/\/www.heachguat.com\/it\/wp-json\/wp\/v2\/media?parent=100902"}],"curies":[{"name":"wp","href":"https:\/\/api.w.org\/{rel}","templated":true}]}}